{"id":177,"date":"2020-02-04T00:05:40","date_gmt":"2020-02-04T00:05:40","guid":{"rendered":"https:\/\/www.www.zingora-vocal-school.com\/?page_id=177"},"modified":"2024-05-17T17:15:52","modified_gmt":"2024-05-17T17:15:52","slug":"hlasova-skola-zingora-kontakt","status":"publish","type":"page","link":"https:\/\/www.zingora-vocal-school.com\/cs\/hlasova-skola-zingora-kontakt\/","title":{"rendered":"Hlasov\u00e1 \u0161kola \u017dingora kontakt"},"content":{"rendered":"<p>[et_pb_section fb_built=&#8220;1&#8243; admin_label=&#8220;Page Title Section&#8220; _builder_version=&#8220;4.16&#8243; use_background_color_gradient=&#8220;on&#8220; background_color_gradient_direction=&#8220;120deg&#8220; background_color_gradient_stops=&#8220;#000000 0%|rgba(0,0,0,0) 100%&#8220; background_color_gradient_overlays_image=&#8220;on&#8220; background_color_gradient_start=&#8220;#000000&#8243; background_color_gradient_end=&#8220;rgba(0,0,0,0)&#8220; background_image=&#8220;https:\/\/zingora.grafique.cz\/wp-content\/uploads\/2020\/02\/img_0047_2-scaled.jpg&#8220; background_position=&#8220;bottom_center&#8220; custom_padding=&#8220;28px||182px|||&#8220; filter_saturate=&#8220;140%&#8220; global_colors_info=&#8220;{}&#8220;][et_pb_row column_structure=&#8220;1_2,1_2&#8243; admin_label=&#8220;Page Title Area&#8220; _builder_version=&#8220;4.16&#8243; background_size=&#8220;initial&#8220; background_position=&#8220;top_left&#8220; background_repeat=&#8220;repeat&#8220; custom_padding=&#8220;73px|||||&#8220; global_colors_info=&#8220;{}&#8220;][et_pb_column type=&#8220;1_2&#8243; _builder_version=&#8220;4.16&#8243; custom_padding=&#8220;|||&#8220; global_colors_info=&#8220;{}&#8220; custom_padding__hover=&#8220;|||&#8220;][et_pb_text admin_label=&#8220;Title&#8220; _builder_version=&#8220;4.25.0&#8243; text_font=&#8220;||||||||&#8220; header_font=&#8220;Poppins|600|||||||&#8220; header_font_size=&#8220;60px&#8220; header_line_height=&#8220;1.2em&#8220; header_2_font=&#8220;||||||||&#8220; background_layout=&#8220;dark&#8220; custom_margin=&#8220;||20px|&#8220; custom_padding=&#8220;|||&#8220; animation_style=&#8220;fade&#8220; header_font_size_tablet=&#8220;&#8220; header_font_size_phone=&#8220;40px&#8220; header_font_size_last_edited=&#8220;on|phone&#8220; global_colors_info=&#8220;{}&#8220;]<\/p>\n<h1>Kontaktujte n\u00e1s<\/h1>\n<p>[\/et_pb_text][et_pb_text admin_label=&#8220;Page Subtitle&#8220; _builder_version=&#8220;4.25.0&#8243; text_font=&#8220;Poppins||||||||&#8220; text_font_size=&#8220;18px&#8220; text_line_height=&#8220;1.8em&#8220; header_font=&#8220;||||||||&#8220; background_layout=&#8220;dark&#8220; animation_style=&#8220;fade&#8220; global_colors_info=&#8220;{}&#8220;]<\/p>\n<p><em>Ka\u017ed\u00fd okam\u017eik je novou vibrac\u00ed, novou rezonanc\u00ed, kter\u00e1 vys\u00edl\u00e1 nov\u00e9 my\u0161lenky a nov\u00e1 poselstv\u00ed z vesm\u00edru.<\/em><\/p>\n<p><span style=\"font-weight: 400;\">&#8211;\u00a0 Iva Bittov\u00e1<\/span><\/p>\n<p>[\/et_pb_text][\/et_pb_column][et_pb_column type=&#8220;1_2&#8243; _builder_version=&#8220;4.16&#8243; custom_padding=&#8220;|||&#8220; global_colors_info=&#8220;{}&#8220; custom_padding__hover=&#8220;|||&#8220;][\/et_pb_column][\/et_pb_row][\/et_pb_section][et_pb_section fb_built=&#8220;1&#8243; admin_label=&#8220;Reach Us Section&#8220; _builder_version=&#8220;4.16&#8243; background_color=&#8220;#efe9e4&#8243; custom_margin=&#8220;-94px|||||&#8220; custom_padding=&#8220;50px||3px|||&#8220; global_colors_info=&#8220;{}&#8220;][et_pb_row admin_label=&#8220;Reach Us Area&#8220; _builder_version=&#8220;4.16&#8243; global_colors_info=&#8220;{}&#8220;][et_pb_column type=&#8220;4_4&#8243; _builder_version=&#8220;4.16&#8243; custom_padding=&#8220;|||&#8220; global_colors_info=&#8220;{}&#8220; custom_padding__hover=&#8220;|||&#8220;][et_pb_text admin_label=&#8220;Title&#8220; _builder_version=&#8220;4.25.0&#8243; header_font=&#8220;|600|||||||&#8220; header_2_font=&#8220;Poppins|600|||||||&#8220; header_2_text_align=&#8220;center&#8220; header_2_font_size=&#8220;36px&#8220; module_alignment=&#8220;center&#8220; custom_margin=&#8220;||0px|&#8220; animation_style=&#8220;fade&#8220; global_colors_info=&#8220;{}&#8220;]<\/p>\n<h2>T\u011b\u0161\u00edme se, \u017ee se n\u00e1m ozvete.<\/h2>\n<p>[\/et_pb_text][et_pb_divider color=&#8220;#fdb467&#8243; divider_position=&#8220;center&#8220; divider_weight=&#8220;3px&#8220; _builder_version=&#8220;4.16&#8243; max_width=&#8220;50px&#8220; module_alignment=&#8220;center&#8220; custom_margin=&#8220;||20px|&#8220; animation_style=&#8220;slide&#8220; animation_direction=&#8220;top&#8220; animation_intensity_slide=&#8220;10%&#8220; animation_starting_opacity=&#8220;100%&#8220; global_colors_info=&#8220;{}&#8220;][\/et_pb_divider][\/et_pb_column][\/et_pb_row][et_pb_row column_structure=&#8220;1_2,1_2&#8243; use_custom_gutter=&#8220;on&#8220; make_equal=&#8220;on&#8220; _builder_version=&#8220;4.16&#8243; width=&#8220;100%&#8220; custom_padding=&#8220;29px|||||&#8220; global_colors_info=&#8220;{}&#8220;][et_pb_column type=&#8220;1_2&#8243; _builder_version=&#8220;4.16&#8243; custom_padding=&#8220;|||&#8220; global_colors_info=&#8220;{}&#8220; custom_padding__hover=&#8220;|||&#8220;][et_pb_blurb title=&#8220;Zingora Hlasov\u00e1 \u0161kola&#8220; use_icon=&#8220;on&#8220; font_icon=&#8220;&#xe081;||divi||400&#8243; icon_color=&#8220;#fdb467&#8243; image_icon_width=&#8220;32px&#8220; admin_label=&#8220;Email&#8220; _builder_version=&#8220;4.25.0&#8243; header_font=&#8220;Poppins|600|||||||&#8220; header_font_size=&#8220;24px&#8220; body_font=&#8220;Poppins||||||||&#8220; body_font_size=&#8220;18px&#8220; body_line_height=&#8220;1.8em&#8220; background_color=&#8220;#ffffff&#8220; text_orientation=&#8220;center&#8220; custom_padding=&#8220;60px|30px|48px|30px||&#8220; box_shadow_style=&#8220;preset2&#8243; box_shadow_horizontal=&#8220;0px&#8220; box_shadow_vertical=&#8220;15px&#8220; box_shadow_blur=&#8220;25px&#8220; box_shadow_color=&#8220;rgba(0,0,0,0.05)&#8220; icon_font_size=&#8220;32px&#8220; global_colors_info=&#8220;{}&#8220;]<\/p>\n<header class=\"main-header pb-3\">\n<div class=\"container-fluid position-relative\">\n<div class=\"header-content text-center\">Rhinebeck, New York, USA<\/div>\n<div class=\"header-content text-center\">Nature Places, EUROPE<br \/><a href=\"https:\/\/goo.gl\/maps\/9YGopo8FAMGaBP62A\" target=\"_blank\" rel=\"noopener noreferrer\" title=\"Open map\"><small>map<\/small><\/a><\/div>\n<\/div>\n<\/header>\n<p>[\/et_pb_blurb][\/et_pb_column][et_pb_column type=&#8220;1_2&#8243; _builder_version=&#8220;4.16&#8243; custom_padding=&#8220;|||&#8220; global_colors_info=&#8220;{}&#8220; custom_padding__hover=&#8220;|||&#8220;][et_pb_blurb title=&#8220;E-mail &#8220; use_icon=&#8220;on&#8220; font_icon=&#8220;&#xe076;||divi||400&#8243; icon_color=&#8220;#fdb467&#8243; image_icon_width=&#8220;32px&#8220; admin_label=&#8220;Email&#8220; _builder_version=&#8220;4.25.0&#8243; header_font=&#8220;Poppins|600|||||||&#8220; header_font_size=&#8220;24px&#8220; body_font=&#8220;Poppins||||||||&#8220; body_font_size=&#8220;18px&#8220; body_line_height=&#8220;1.8em&#8220; background_color=&#8220;#ffffff&#8220; text_orientation=&#8220;center&#8220; custom_padding=&#8220;60px|30px|80px|30px||&#8220; box_shadow_style=&#8220;preset2&#8243; box_shadow_horizontal=&#8220;0px&#8220; box_shadow_vertical=&#8220;15px&#8220; box_shadow_blur=&#8220;25px&#8220; box_shadow_color=&#8220;rgba(0,0,0,0.05)&#8220; icon_font_size=&#8220;32px&#8220; global_colors_info=&#8220;{}&#8220;]<\/p>\n<p>hello@zingora-vocal-school.com<\/p>\n<p>[\/et_pb_blurb][\/et_pb_column][\/et_pb_row][\/et_pb_section][et_pb_section fb_built=&#8220;1&#8243; admin_label=&#8220;Reach Us Section&#8220; _builder_version=&#8220;4.16&#8243; background_color=&#8220;#efe9e4&#8243; custom_padding=&#8220;50px||50px||false|false&#8220; global_colors_info=&#8220;{}&#8220;][et_pb_row admin_label=&#8220;Reach Us Area&#8220; _builder_version=&#8220;4.16&#8243; custom_padding=&#8220;||3px|||&#8220; global_colors_info=&#8220;{}&#8220;][et_pb_column type=&#8220;4_4&#8243; _builder_version=&#8220;4.16&#8243; custom_padding=&#8220;|||&#8220; global_colors_info=&#8220;{}&#8220; custom_padding__hover=&#8220;|||&#8220;][et_pb_text admin_label=&#8220;Title&#8220; _builder_version=&#8220;4.25.0&#8243; header_font=&#8220;||||||||&#8220; header_2_font=&#8220;Poppins|600|||||||&#8220; header_2_text_align=&#8220;center&#8220; header_2_font_size=&#8220;36px&#8220; max_width=&#8220;550px&#8220; module_alignment=&#8220;center&#8220; custom_margin=&#8220;||0px|&#8220; animation_style=&#8220;fade&#8220; global_colors_info=&#8220;{}&#8220;]<\/p>\n<h2><span style=\"font-weight: 400;\">Webov\u00e9 str\u00e1nky<\/span><\/h2>\n<p>[\/et_pb_text][et_pb_divider color=&#8220;#fdb467&#8243; divider_position=&#8220;center&#8220; divider_weight=&#8220;3px&#8220; _builder_version=&#8220;4.16&#8243; max_width=&#8220;50px&#8220; module_alignment=&#8220;center&#8220; custom_margin=&#8220;||20px|&#8220; animation_style=&#8220;slide&#8220; animation_direction=&#8220;top&#8220; animation_intensity_slide=&#8220;10%&#8220; animation_starting_opacity=&#8220;100%&#8220; global_colors_info=&#8220;{}&#8220;][\/et_pb_divider][\/et_pb_column][\/et_pb_row][et_pb_row column_structure=&#8220;1_2,1_2&#8243; _builder_version=&#8220;4.16&#8243; global_colors_info=&#8220;{}&#8220;][et_pb_column type=&#8220;1_2&#8243; _builder_version=&#8220;4.16&#8243; global_colors_info=&#8220;{}&#8220;][et_pb_text _builder_version=&#8220;4.16&#8243; header_2_font=&#8220;Poppins|600|||||||&#8220; custom_margin=&#8220;||12px|||&#8220; global_colors_info=&#8220;{}&#8220;]<\/p>\n<h2 style=\"text-align: center;\">Iva Bittov\u00e1<\/h2>\n<p>[\/et_pb_text][et_pb_text _builder_version=&#8220;4.25.0&#8243; global_colors_info=&#8220;{}&#8220;]<\/p>\n<p style=\"text-align: center;\"><span>U\u010ditelka &amp; Vedouc\u00ed Hlasov\u00e9 \u0161koly \u017dingora<\/span><\/p>\n<p>[\/et_pb_text][et_pb_button button_url=&#8220;https:\/\/www.bittova.com\/&#8220; url_new_window=&#8220;on&#8220; button_text=&#8220;Web&#8220; button_alignment=&#8220;center&#8220; _builder_version=&#8220;4.25.0&#8243; custom_button=&#8220;on&#8220; button_text_size=&#8220;18px&#8220; button_text_color=&#8220;#ea9e10&#8243; background_layout=&#8220;dark&#8220; global_colors_info=&#8220;{}&#8220;][\/et_pb_button][\/et_pb_column][et_pb_column type=&#8220;1_2&#8243; _builder_version=&#8220;4.16&#8243; global_colors_info=&#8220;{}&#8220;][et_pb_text _builder_version=&#8220;4.16&#8243; header_2_font=&#8220;Poppins|600|||||||&#8220; custom_margin=&#8220;||10px|||&#8220; global_colors_info=&#8220;{}&#8220;]<\/p>\n<h2 style=\"text-align: center;\">Timothy Hill<\/h2>\n<p>[\/et_pb_text][et_pb_text _builder_version=&#8220;4.25.0&#8243; global_colors_info=&#8220;{}&#8220;]<\/p>\n<p style=\"text-align: center;\"><span>U\u010ditel v Hlasov\u00e9 \u0161kole \u017dingora<\/span><\/p>\n<p>[\/et_pb_text][et_pb_button button_url=&#8220;http:\/\/timothyhillmusic.com\/&#8220; button_text=&#8220;Web&#8220; button_alignment=&#8220;center&#8220; _builder_version=&#8220;4.25.0&#8243; custom_button=&#8220;on&#8220; button_text_size=&#8220;18px&#8220; button_text_color=&#8220;#ea9e10&#8243; background_layout=&#8220;dark&#8220; global_colors_info=&#8220;{}&#8220;][\/et_pb_button][\/et_pb_column][\/et_pb_row][\/et_pb_section]<\/p>\n","protected":false},"excerpt":{"rendered":"<p>Kontaktujte n\u00e1sKa\u017ed\u00fd okam\u017eik je novou vibrac\u00ed, novou rezonanc\u00ed, kter\u00e1 vys\u00edl\u00e1 nov\u00e9 my\u0161lenky a nov\u00e1 poselstv\u00ed z vesm\u00edru. &#8211;\u00a0 Iva Bittov\u00e1T\u011b\u0161\u00edme se, \u017ee se n\u00e1m ozvete. Rhinebeck, New York, USA Nature Places, EUROPEmap hello@zingora-vocal-school.comWebov\u00e9 str\u00e1nkyIva Bittov\u00e1U\u010ditelka &amp; Vedouc\u00ed Hlasov\u00e9 \u0161koly \u017dingoraTimothy HillU\u010ditel v Hlasov\u00e9 \u0161kole \u017dingora<\/p>\n","protected":false},"author":1,"featured_media":0,"parent":0,"menu_order":0,"comment_status":"closed","ping_status":"closed","template":"","meta":{"_et_pb_use_builder":"on","_et_pb_old_content":"","_et_gb_content_width":"","footnotes":""},"yoast_head":"<!-- This site is optimized with the Yoast SEO plugin v24.5 - https:\/\/yoast.com\/wordpress\/plugins\/seo\/ -->\n<title>Hlasov\u00e1 \u0161kola \u017dingora kontakt - ZINGORA | Vocal School, New York<\/title>\n<meta name=\"robots\" content=\"index, follow, max-snippet:-1, max-image-preview:large, max-video-preview:-1\" \/>\n<link rel=\"canonical\" href=\"https:\/\/www.zingora-vocal-school.com\/vocal-school-zingora-contact\/\" \/>\n<meta property=\"og:locale\" content=\"cs_CZ\" \/>\n<meta property=\"og:type\" content=\"article\" \/>\n<meta property=\"og:title\" content=\"Hlasov\u00e1 \u0161kola \u017dingora kontakt - ZINGORA | Vocal School, New York\" \/>\n<meta property=\"og:description\" content=\"Kontaktujte n\u00e1sKa\u017ed\u00fd okam\u017eik je novou vibrac\u00ed, novou rezonanc\u00ed, kter\u00e1 vys\u00edl\u00e1 nov\u00e9 my\u0161lenky a nov\u00e1 poselstv\u00ed z vesm\u00edru. -\u00a0 Iva Bittov\u00e1T\u011b\u0161\u00edme se, \u017ee se n\u00e1m ozvete. Rhinebeck, New York, USA Nature Places, EUROPEmap hello@zingora-vocal-school.comWebov\u00e9 str\u00e1nkyIva Bittov\u00e1U\u010ditelka &amp; Vedouc\u00ed Hlasov\u00e9 \u0161koly \u017dingoraTimothy HillU\u010ditel v Hlasov\u00e9 \u0161kole \u017dingora\" \/>\n<meta property=\"og:url\" content=\"https:\/\/www.zingora-vocal-school.com\/vocal-school-zingora-contact\/\" \/>\n<meta property=\"og:site_name\" content=\"ZINGORA | Vocal School, New York\" \/>\n<meta property=\"article:modified_time\" content=\"2024-05-17T17:15:52+00:00\" \/>\n<meta name=\"twitter:card\" content=\"summary_large_image\" \/>\n<meta name=\"twitter:label1\" content=\"Odhadovan\u00e1 doba \u010dten\u00ed\" \/>\n\t<meta name=\"twitter:data1\" content=\"5 minut\" \/>\n<script type=\"application\/ld+json\" class=\"yoast-schema-graph\">{\"@context\":\"https:\/\/schema.org\",\"@graph\":[{\"@type\":\"WebPage\",\"@id\":\"https:\/\/www.zingora-vocal-school.com\/vocal-school-zingora-contact\/\",\"url\":\"https:\/\/www.zingora-vocal-school.com\/vocal-school-zingora-contact\/\",\"name\":\"Hlasov\u00e1 \u0161kola \u017dingora kontakt - ZINGORA | Vocal School, New York\",\"isPartOf\":{\"@id\":\"https:\/\/www.zingora-vocal-school.com\/#website\"},\"datePublished\":\"2020-02-04T00:05:40+00:00\",\"dateModified\":\"2024-05-17T17:15:52+00:00\",\"breadcrumb\":{\"@id\":\"https:\/\/www.zingora-vocal-school.com\/vocal-school-zingora-contact\/#breadcrumb\"},\"inLanguage\":\"cs\",\"potentialAction\":[{\"@type\":\"ReadAction\",\"target\":[\"https:\/\/www.zingora-vocal-school.com\/vocal-school-zingora-contact\/\"]}]},{\"@type\":\"BreadcrumbList\",\"@id\":\"https:\/\/www.zingora-vocal-school.com\/vocal-school-zingora-contact\/#breadcrumb\",\"itemListElement\":[{\"@type\":\"ListItem\",\"position\":1,\"name\":\"Home\",\"item\":\"https:\/\/www.zingora-vocal-school.com\/cs\/\"},{\"@type\":\"ListItem\",\"position\":2,\"name\":\"Hlasov\u00e1 \u0161kola \u017dingora kontakt\"}]},{\"@type\":\"WebSite\",\"@id\":\"https:\/\/www.zingora-vocal-school.com\/#website\",\"url\":\"https:\/\/www.zingora-vocal-school.com\/\",\"name\":\"ZINGORA | Vocal School, New York\",\"description\":\"School of Vioce, Rhinebeck, New York, USA\",\"potentialAction\":[{\"@type\":\"SearchAction\",\"target\":{\"@type\":\"EntryPoint\",\"urlTemplate\":\"https:\/\/www.zingora-vocal-school.com\/?s={search_term_string}\"},\"query-input\":{\"@type\":\"PropertyValueSpecification\",\"valueRequired\":true,\"valueName\":\"search_term_string\"}}],\"inLanguage\":\"cs\"}]}<\/script>\n<!-- \/ Yoast SEO plugin. -->","yoast_head_json":{"title":"Hlasov\u00e1 \u0161kola \u017dingora kontakt - ZINGORA | Vocal School, New York","robots":{"index":"index","follow":"follow","max-snippet":"max-snippet:-1","max-image-preview":"max-image-preview:large","max-video-preview":"max-video-preview:-1"},"canonical":"https:\/\/www.zingora-vocal-school.com\/vocal-school-zingora-contact\/","og_locale":"cs_CZ","og_type":"article","og_title":"Hlasov\u00e1 \u0161kola \u017dingora kontakt - ZINGORA | Vocal School, New York","og_description":"Kontaktujte n\u00e1sKa\u017ed\u00fd okam\u017eik je novou vibrac\u00ed, novou rezonanc\u00ed, kter\u00e1 vys\u00edl\u00e1 nov\u00e9 my\u0161lenky a nov\u00e1 poselstv\u00ed z vesm\u00edru. -\u00a0 Iva Bittov\u00e1T\u011b\u0161\u00edme se, \u017ee se n\u00e1m ozvete. Rhinebeck, New York, USA Nature Places, EUROPEmap hello@zingora-vocal-school.comWebov\u00e9 str\u00e1nkyIva Bittov\u00e1U\u010ditelka &amp; Vedouc\u00ed Hlasov\u00e9 \u0161koly \u017dingoraTimothy HillU\u010ditel v Hlasov\u00e9 \u0161kole \u017dingora","og_url":"https:\/\/www.zingora-vocal-school.com\/vocal-school-zingora-contact\/","og_site_name":"ZINGORA | Vocal School, New York","article_modified_time":"2024-05-17T17:15:52+00:00","twitter_card":"summary_large_image","twitter_misc":{"Odhadovan\u00e1 doba \u010dten\u00ed":"5 minut"},"schema":{"@context":"https:\/\/schema.org","@graph":[{"@type":"WebPage","@id":"https:\/\/www.zingora-vocal-school.com\/vocal-school-zingora-contact\/","url":"https:\/\/www.zingora-vocal-school.com\/vocal-school-zingora-contact\/","name":"Hlasov\u00e1 \u0161kola \u017dingora kontakt - ZINGORA | Vocal School, New York","isPartOf":{"@id":"https:\/\/www.zingora-vocal-school.com\/#website"},"datePublished":"2020-02-04T00:05:40+00:00","dateModified":"2024-05-17T17:15:52+00:00","breadcrumb":{"@id":"https:\/\/www.zingora-vocal-school.com\/vocal-school-zingora-contact\/#breadcrumb"},"inLanguage":"cs","potentialAction":[{"@type":"ReadAction","target":["https:\/\/www.zingora-vocal-school.com\/vocal-school-zingora-contact\/"]}]},{"@type":"BreadcrumbList","@id":"https:\/\/www.zingora-vocal-school.com\/vocal-school-zingora-contact\/#breadcrumb","itemListElement":[{"@type":"ListItem","position":1,"name":"Home","item":"https:\/\/www.zingora-vocal-school.com\/cs\/"},{"@type":"ListItem","position":2,"name":"Hlasov\u00e1 \u0161kola \u017dingora kontakt"}]},{"@type":"WebSite","@id":"https:\/\/www.zingora-vocal-school.com\/#website","url":"https:\/\/www.zingora-vocal-school.com\/","name":"ZINGORA | Vocal School, New York","description":"School of Vioce, Rhinebeck, New York, USA","potentialAction":[{"@type":"SearchAction","target":{"@type":"EntryPoint","urlTemplate":"https:\/\/www.zingora-vocal-school.com\/?s={search_term_string}"},"query-input":{"@type":"PropertyValueSpecification","valueRequired":true,"valueName":"search_term_string"}}],"inLanguage":"cs"}]}},"_links":{"self":[{"href":"https:\/\/www.zingora-vocal-school.com\/cs\/wp-json\/wp\/v2\/pages\/177"}],"collection":[{"href":"https:\/\/www.zingora-vocal-school.com\/cs\/wp-json\/wp\/v2\/pages"}],"about":[{"href":"https:\/\/www.zingora-vocal-school.com\/cs\/wp-json\/wp\/v2\/types\/page"}],"author":[{"embeddable":true,"href":"https:\/\/www.zingora-vocal-school.com\/cs\/wp-json\/wp\/v2\/users\/1"}],"replies":[{"embeddable":true,"href":"https:\/\/www.zingora-vocal-school.com\/cs\/wp-json\/wp\/v2\/comments?post=177"}],"version-history":[{"count":36,"href":"https:\/\/www.zingora-vocal-school.com\/cs\/wp-json\/wp\/v2\/pages\/177\/revisions"}],"predecessor-version":[{"id":1871,"href":"https:\/\/www.zingora-vocal-school.com\/cs\/wp-json\/wp\/v2\/pages\/177\/revisions\/1871"}],"wp:attachment":[{"href":"https:\/\/www.zingora-vocal-school.com\/cs\/wp-json\/wp\/v2\/media?parent=177"}],"curies":[{"name":"wp","href":"https:\/\/api.w.org\/{rel}","templated":true}]}}